{"id":26,"date":"2021-06-01T15:47:16","date_gmt":"2021-06-01T13:47:16","guid":{"rendered":"https:\/\/nachhaltigkeit.aau.at\/?page_id=26"},"modified":"2021-07-28T10:15:30","modified_gmt":"2021-07-28T08:15:30","slug":"erweiterungsstudium-nachhaltige-entwicklung-und-energie","status":"publish","type":"page","link":"https:\/\/nachhaltigkeit.aau.at\/?page_id=26","title":{"rendered":"Erweiterungsstudium Nachhaltige Entwicklung und Energie"},"content":{"rendered":"\n<p>Die Absolvent*innen erwerben folgende Kompetenzen, die f\u00fcr ein umfassendes Verst\u00e4ndnis der mit dem ES in Verbindung stehenden Konzepte und dessen Herausforderungen in der praktischen Umsetzung erforderlich sind:<\/p>\n\n\n\n<ul class=\"wp-block-list\"><li>Nachhaltigkeitsdiskurse strukturieren, disziplin\u00e4r verorten und Widerspr\u00fcche\/Zielkonflikte, die sich durch eine nachhaltige Entwicklung ergeben, identifizieren k\u00f6nnen<\/li><li>Methoden um Nachhaltigkeit als kollektiven Such-, Lern-und Gestaltungsprozess initiieren und realisieren k\u00f6nnen<\/li><li>Neben Sach-bzw. Systemwissen auch andere Wissensformen wie Orientierungs-und Prozesswissen erkennen und in der Praxis anwenden k\u00f6nnen<\/li><li>Grundlegende Konzepte betreffend Energieerzeugung und -verteilung sowie erneuerbare Energietr\u00e4ger wie auch Energiewirtschaft erkl\u00e4ren sowie deren jeweiliges Transformationspotenzial in Bezug auf Nachhaltigkeit absch\u00e4tzen k\u00f6nnen<\/li><li>Systeme modellieren und kritisch reflektieren k\u00f6nnen (bspw. Systemdynamiken, Denken in Fl\u00fcssen und Best\u00e4nden, Grenzwerte, Problematik von Systemgrenzen)<\/li><li>Gesellschaftliche und \u00f6kosystemische Verh\u00e4ltnisse und Dynamiken auf individueller und kollektiver Ebene kritisch reflektieren k\u00f6nnen<\/li><li>In Teams diskutieren und arbeiten k\u00f6nnen (bspw. Kooperations-, Konfliktf\u00e4higkeit)<\/li><\/ul>\n\n\n\n<hr class=\"wp-block-separator\"\/>\n\n\n<h3 class=\"fonts-plugin-block \" style=\"color: #005075\">Bisherige Rahmenthemen<\/h3>\n\n\n<p>In den Lehrveranstaltungen Sustainable Development I und II des Kernmoduls wird jedes Jahr ein bestimmtes Rahmenthema vorgegeben. Die bisherigen Rahmenthemen dabei waren: <\/p>\n\n\n\n<p>Klima.Schutz.Anpassung<\/p>\n\n\n\n<p>Sustainability &#8211; through Digital Transformation?<\/p>\n\n\n\n<hr class=\"wp-block-separator\"\/>\n\n\n<h3 class=\"fonts-plugin-block \" style=\"color: #005075\">Aufbau des Erweiterungsstudiums<\/h3>\n\n\n<p>Umfang: 32 ECTS-Anrechnungspunkte (ECTS-AP)<br>Vorgesehene Studiendauer: 2 Semester<\/p>\n\n\n<h4 class=\"fonts-plugin-block \" style=\"color: #005075\">Pflichtf\u00e4cher im Ausma\u00df von 20 ECTS-AP<\/h4>\n\n\n<ul class=\"wp-block-list\"><li>Nachhaltige Entwicklung (12 ECTS-AP)<\/li><li>Energiemanagement und -technik (8 ECTS-AP)<\/li><\/ul>\n\n\n<h4 class=\"fonts-plugin-block \" style=\"color: #005075\">Gebundene Wahlf\u00e4cher im Ausma\u00df von 12 ECTS-AP<\/h4>\n\n\n<ul class=\"wp-block-list\"><li>Vertiefung zu Nachhaltiger Entwicklung (4 ECTS-AP)<\/li><li>Vertiefung zu Energiemanagement und -technik (4 ECTS-AP)<\/li><li>Spezialisierung in einem der Vertiefungs-f\u00e4cher (4 ECTS-AP)<\/li><\/ul>\n\n\n<h3 class=\"fonts-plugin-block \" style=\"color: #005075\">Zulassungsvoraussetzungen<\/h3>\n\n\n<ul class=\"wp-block-list\"><li>bei einem Bachelorstudium die Absolvierung von Pr\u00fcfungen und\/oder der Bachelorarbeit im Umfang von mindestens 120 ECTS-AP<\/li><li>bei einem Masterstudium die Absolvierung von Pr\u00fcfungen und\/oder der Masterarbeit im Umfang von mindestens 80 ECTS-AP<\/li><li>bei einem Diplomstudium die Absolvierung des ersten Studienabschnittes<\/li><\/ul>\n\n\n\n<p><a href=\"https:\/\/www.aau.at\/wp-content\/uploads\/2020\/05\/Mitteilungsblatt-2019-2020-20-Beilage-18.pdf\" target=\"_blank\" rel=\"noreferrer noopener\">Curriculum<\/a>&nbsp;(PDF)<\/p>\n\n\n\n<p><a href=\"https:\/\/campus.aau.at\/studien\/lvliste.jsp?stpkey=689\" target=\"_blank\" rel=\"noreferrer noopener\">Lehrveranstaltungen<\/a><\/p>\n","protected":false},"excerpt":{"rendered":"<p>Die Absolvent*innen erwerben folgende Kompetenzen, die f\u00fcr ein umfassendes Verst\u00e4ndnis der mit dem ES in Verbindung stehenden Konzepte und dessen Herausforderungen in der praktischen Umsetzung erforderlich sind: Nachhaltigkeitsdiskurse strukturieren, disziplin\u00e4r verorten und Widerspr\u00fcche\/Zielkonflikte, die sich durch eine nachhaltige Entwicklung ergeben, identifizieren k\u00f6nnen Methoden um Nachhaltigkeit als kollektiven Such-, Lern-und Gestaltungsprozess [&hellip;]<\/p>\n","protected":false},"author":5,"featured_media":167,"parent":10,"menu_order":0,"comment_status":"closed","ping_status":"closed","template":"","meta":{"_lmt_disableupdate":"","_lmt_disable":"","inspiro_page_layout":"narrow","inspiro_hide_title":false,"footnotes":"","_links_to":"","_links_to_target":""},"class_list":["post-26","page","type-page","status-publish","has-post-thumbnail","hentry"],"_links":{"self":[{"href":"https:\/\/nachhaltigkeit.aau.at\/index.php?rest_route=\/wp\/v2\/pages\/26","targetHints":{"allow":["GET"]}}],"collection":[{"href":"https:\/\/nachhaltigkeit.aau.at\/index.php?rest_route=\/wp\/v2\/pages"}],"about":[{"href":"https:\/\/nachhaltigkeit.aau.at\/index.php?rest_route=\/wp\/v2\/types\/page"}],"author":[{"embeddable":true,"href":"https:\/\/nachhaltigkeit.aau.at\/index.php?rest_route=\/wp\/v2\/users\/5"}],"replies":[{"embeddable":true,"href":"https:\/\/nachhaltigkeit.aau.at\/index.php?rest_route=%2Fwp%2Fv2%2Fcomments&post=26"}],"version-history":[{"count":7,"href":"https:\/\/nachhaltigkeit.aau.at\/index.php?rest_route=\/wp\/v2\/pages\/26\/revisions"}],"predecessor-version":[{"id":423,"href":"https:\/\/nachhaltigkeit.aau.at\/index.php?rest_route=\/wp\/v2\/pages\/26\/revisions\/423"}],"up":[{"embeddable":true,"href":"https:\/\/nachhaltigkeit.aau.at\/index.php?rest_route=\/wp\/v2\/pages\/10"}],"wp:featuredmedia":[{"embeddable":true,"href":"https:\/\/nachhaltigkeit.aau.at\/index.php?rest_route=\/wp\/v2\/media\/167"}],"wp:attachment":[{"href":"https:\/\/nachhaltigkeit.aau.at\/index.php?rest_route=%2Fwp%2Fv2%2Fmedia&parent=26"}],"curies":[{"name":"wp","href":"https:\/\/api.w.org\/{rel}","templated":true}]}}