{"id":24,"date":"2021-06-01T15:46:35","date_gmt":"2021-06-01T13:46:35","guid":{"rendered":"https:\/\/nachhaltigkeit.aau.at\/?page_id=24"},"modified":"2021-06-08T23:52:52","modified_gmt":"2021-06-08T21:52:52","slug":"masterstudium-abw-energie-und-umweltmanagement","status":"publish","type":"page","link":"https:\/\/nachhaltigkeit.aau.at\/?page_id=24","title":{"rendered":"Masterstudium ABW: Energie- und Umweltmanagement"},"content":{"rendered":"<h3 class=\"fonts-plugin-block \" style=\"font-family: helvetica;color: #005075\">Studienprofil<\/h3>\n\n<p class=\"fonts-plugin-block \" style=\"font-family: helvetica\">Das\u00a0<strong>Masterstudium Angewandte Betriebswirtschaft<\/strong>\u00a0dient der wissenschaftlichen Berufsvorbildung f\u00fcr F\u00fchrungsaufgaben im Bereich der \u00f6ffentlichen und privatwirtschaftlichen Unternehmen und Organisationen in unterschiedlichen Branchen. Es setzt sich aus den allgemeinen betriebswirtschaftlichen Pflichtf\u00e4chern \u201eEinf\u00fchrung in das Masterstudium Angewandte Betriebswirtschaft\u201c und \u201eKompetenzerweiterung\u201c im Umfang von 20 ECTS, den gebundenen Wahlf\u00e4chern entsprechend der drei Studienzweige (48 ECTS) sowie den Freien Wahlf\u00e4chern (6 ECTS) zusammen. Der Schwerpunkt des Masterstudiums liegt auf der Praxisrelevanz der vermittelten Kompetenzen und Konzepte f\u00fcr die L\u00f6sung von Managementproblemen.\u00a0Im\u00a0<strong>Studienzweig Energie- und Umweltmanagement<\/strong>\u00a0sind die Fachbereiche \u201eEnergie- und Umwelt\u00f6konomik\u201c, \u201eRecht\u201c, \u201eSpecial Topics\u201c zu absolvieren.<\/p>\n\n<h3 class=\"fonts-plugin-block \" style=\"font-family: helvetica;color: #005075\">Ziele des Studiums<\/h3>\n\n<p class=\"fonts-plugin-block \" style=\"font-family: helvetica\">Studierende erhalten eine wissenschaftlich fundierte betriebswirtschaftliche Ausbildung mit besonderer Spezialisierung auf dem Gebiet des Energie- und Umweltmanagements.&nbsp;Studierende sind in der Lage<\/p>\n\n<p class=\"fonts-plugin-block \" style=\"font-family: helvetica\">&#8211; \u00fcber betriebswirtschaftliche Aspekte hinausgehende Zusammenh\u00e4nge im Zuge der angestrebten Managementt\u00e4tigkeiten zu ber\u00fccksichtigen.<br>&#8211; den Anforderungen der \u00f6sterreichischen Wirtschaft als flexible\/r GeneralistIn bzw. SpezialistIn in interdisziplin\u00e4ren Bereichen gerecht zu werden.<br>&#8211; sich mit den st\u00e4ndig ver\u00e4ndernden Bedingungen und abnehmender Planungssicherheit und Stabilit\u00e4t im globalen Wettbewerb zu arrangieren.<br>&#8211; L\u00f6sungen f\u00fcr Managementprobleme insbesondere f\u00fcr Klein- und Mittelunternehmen zu finden.<br><\/p>\n\n<h3 class=\"fonts-plugin-block \" style=\"font-family: helvetica;color: #005075\">Voraussetzungen<\/h3>\n\n<p class=\"fonts-plugin-block \" style=\"font-family: helvetica\">Bachelorstudium\u00a0<a href=\"https:\/\/www.aau.at\/studien\/bachelor-angewandte-betriebswirtschaft-studienzweig-angewandte-betriebswirtschaft\/\">Angewandte Betriebswirtschaft<\/a>,\u00a0<a href=\"https:\/\/www.aau.at\/studien\/bachelor-wirtschaft-und-recht\/\">Wirtschaft &amp; Recht<\/a>\u00a0oder\u00a0<a href=\"https:\/\/www.aau.at\/studien\/bachelor-informationsmanagement\/\">Informationsmanagement\u00a0<\/a>oder ein gleichwertiges Studium an einer anderen postsekund\u00e4ren Bildungseinrichtung.<br>Studierende, die ein wirtschaftswissenschaftliches Bachelorstudium oder ein vergleichbares Studium an einer in- oder ausl\u00e4ndischen Universit\u00e4t, Fachhochschule oder einer anderen anerkannten postsekund\u00e4ren Bildungseinrichtung abgeschlossen haben, sind zum Masterstudium zuzulassen, wenn sie den Nachweis der Kenntnisse in betriebswirtschaftlichen Kernf\u00e4chern wie z.B. Controlling, Finanzierung\/Rechnungslegung, Steuerlehre, Marketing, Produktions- und Logistikmanagement, Personal, F\u00fchrung und Organisation, Innovation, Entrepreneurship und Public und Non Profit Management im Umfang\u00a0<strong>von mindestens 60 ECTS<\/strong>erbringen.<br><a rel=\"noreferrer noopener\" href=\"https:\/\/www.aau.at\/wp-content\/uploads\/2018\/01\/MA-Angewandte-Betriebswirtschaft-fachlich-in-Frage-kommendes-Studium.pdf\" target=\"_blank\">Informationen \u00fcber fachlich in Frage kommende Bachelorstudien<\/a>\u00a0(PDF)<br><br>Je nach vorangegangenem Abschluss ist die Auferlegung von Erg\u00e4nzungspr\u00fcfungen m\u00f6glich.<\/p>\n\n<p class=\"fonts-plugin-block \"><\/p>","protected":false},"excerpt":{"rendered":"","protected":false},"author":5,"featured_media":159,"parent":10,"menu_order":0,"comment_status":"closed","ping_status":"closed","template":"","meta":{"_lmt_disableupdate":"","_lmt_disable":"","inspiro_page_layout":"narrow","inspiro_hide_title":false,"footnotes":"","_links_to":"","_links_to_target":""},"class_list":["post-24","page","type-page","status-publish","has-post-thumbnail","hentry"],"_links":{"self":[{"href":"https:\/\/nachhaltigkeit.aau.at\/index.php?rest_route=\/wp\/v2\/pages\/24","targetHints":{"allow":["GET"]}}],"collection":[{"href":"https:\/\/nachhaltigkeit.aau.at\/index.php?rest_route=\/wp\/v2\/pages"}],"about":[{"href":"https:\/\/nachhaltigkeit.aau.at\/index.php?rest_route=\/wp\/v2\/types\/page"}],"author":[{"embeddable":true,"href":"https:\/\/nachhaltigkeit.aau.at\/index.php?rest_route=\/wp\/v2\/users\/5"}],"replies":[{"embeddable":true,"href":"https:\/\/nachhaltigkeit.aau.at\/index.php?rest_route=%2Fwp%2Fv2%2Fcomments&post=24"}],"version-history":[{"count":5,"href":"https:\/\/nachhaltigkeit.aau.at\/index.php?rest_route=\/wp\/v2\/pages\/24\/revisions"}],"predecessor-version":[{"id":232,"href":"https:\/\/nachhaltigkeit.aau.at\/index.php?rest_route=\/wp\/v2\/pages\/24\/revisions\/232"}],"up":[{"embeddable":true,"href":"https:\/\/nachhaltigkeit.aau.at\/index.php?rest_route=\/wp\/v2\/pages\/10"}],"wp:featuredmedia":[{"embeddable":true,"href":"https:\/\/nachhaltigkeit.aau.at\/index.php?rest_route=\/wp\/v2\/media\/159"}],"wp:attachment":[{"href":"https:\/\/nachhaltigkeit.aau.at\/index.php?rest_route=%2Fwp%2Fv2%2Fmedia&parent=24"}],"curies":[{"name":"wp","href":"https:\/\/api.w.org\/{rel}","templated":true}]}}