{"id":22,"date":"2021-06-01T15:45:55","date_gmt":"2021-06-01T13:45:55","guid":{"rendered":"https:\/\/nachhaltigkeit.aau.at\/?page_id=22"},"modified":"2022-09-02T14:46:42","modified_gmt":"2022-09-02T12:46:42","slug":"universitatslehrgang-nachhaltige-entwicklung","status":"publish","type":"page","link":"https:\/\/nachhaltigkeit.aau.at\/?page_id=22","title":{"rendered":"Universit\u00e4tslehrgang Bildung f\u00fcr nachhaltige Entwicklung (BINE)"},"content":{"rendered":"<h3 class=\"fonts-plugin-block \" style=\"color: #005075\">Zielsetzung<\/h3>\n\n\n<p>Die TeilnehmerInnen am Lehrgang sollen sowohl fachliche als auch didaktische Kompetenzen f\u00fcr die Gestaltung von Bildungsprozessen f\u00fcr eine Nachhaltige Entwicklung im Bereich der LehrerInnenbildung und der Schule erlangen sowie f\u00fcr die Planung, Durchf\u00fchrung und Dokumentation von Forschungsvorhaben qualifiziert werden. Ziel des Lehrgangs ist es Perspektiven f\u00fcr die Weiterentwicklung der eigenen Arbeit zu schaffen, Kooperationen zu unterst\u00fctzen und Bildung und Nachhaltige Entwicklung als Themenbereich in der LehrerInnenbildung und der Schule zu verankern. Im Verlauf des Lehrgangs f\u00fchren die TeilnehmerInnen Initiativen an der eigenen Organisation durch und erforschen diese systematisch. Die Arbeit erfolgt in Teams, die aus LehrerbildnerInnen, LehrerInnen (wenn m\u00f6glich) auch StudentInnen bestehen.<\/p>\n\n\n<h3 class=\"fonts-plugin-block \" style=\"color: #005075\">Zielgruppe<\/h3>\n\n\n<p>Die Zielgruppe sind MitarbeiterInnen in Bildungsorganisationen vor allem LehrerInnen an Schulen (aller Schultypen) und LehrerbildnerIinnen, die in LehrerInnenaus- oder \u2013fortbildungseinrichtungen t\u00e4tig sind.<\/p>\n\n\n<h3 class=\"fonts-plugin-block \" style=\"font-family: helvetica;color: #005075\"><br>Aufbau des Lehrgangs<\/h3>\n\n<p class=\"fonts-plugin-block \" style=\"font-family: helvetica\">Der Lehrgang wird berufsbegleitend in Form von Seminaren und Arbeitsgemeinschaften in Verbindung mit einer Der Lehrgang wird berufsbegleitend in Form von Seminaren und Arbeitsgemeinschaften in Verbindung mit einer Forschungsarbeit durchgef\u00fchrt. Die Lehrveranstaltungen werden als Bl\u00f6cke an verschiedenen Orten in \u00d6sterreich abgehalten. In den Seminaren (SE) werden die Inhalte in Form von Referaten und Inputs der SeminarleiterInnen bzw. von GastreferentInnen dargeboten und in Gruppenarbeiten, \u00dcbungen und Workshops verarbeitet und vertieft. Arbeitsgemeinschaften (AG) werden ebenfalls durch ExpertInnen geleitet und dienen bevorzugt dem Erfahrungsaustausch, der Literaturarbeit und der Betreuung der Forschungsarbeit. Das Forschungsprojekt zum Thema Bildung f\u00fcr eine nachhaltige Entwicklung im Bereich der LehrerInnenbildung wird von einem Mitglied des Leitungsteams (oder externen ExpertInnen) begleitend betreut und wird in einer Studie umfassend dokumentiert und analysiert.<br><br>Der Lehrgang wird von der Universit\u00e4t Klagenfurt in Kooperation mit PartnerInnen (vor allem P\u00e4dagogischen Hochschulen) durchgef\u00fchrt.<br><br>Im <strong>Sommersemester 2023<\/strong> beginnt ein neuer Durchgang.<br>Weitere Informationen finden Sie auf der <a href=\"https:\/\/ius.aau.at\/de\/bine\/\">Homepage<\/a> und in diesem <a href=\"https:\/\/ius.aau.at\/wp-content\/uploads\/2022\/06\/ULG_BINE-3.pdf\" data-type=\"URL\" data-id=\"https:\/\/ius.aau.at\/wp-content\/uploads\/2022\/06\/ULG_BINE-3.pdf\">Folder<\/a>.<br><br>F\u00fcr R\u00fcckfragen stehen Ihnen<br>ao. Univ.-Prof. Dr. Franz Rauch (<a href=\"mailto:franz.rauch@aau.at\">franz.rauch@aau.at<\/a>, Tel +43 664 23 24 6 25) und<br>Dr.<sup>in<\/sup> Regina Steiner (<a href=\"mailto:regina.steiner@ph-ooe.at\">regina.steiner@ph-ooe.at<\/a>, Tel +43 650 83 46 271)<br>gerne zur Verf\u00fcgung.<br>\u00a0<br>Anmeldungen bis 31.12.2022 an Nicole Kelner (<a href=\"mailto:nicole.kelner@aau.at\">nicole.kelner@aau.at<\/a>, Tel +43 2700 6190)<\/p>\n\n\n<p><a href=\"https:\/\/ius.aau.at\/wp-content\/uploads\/2022\/06\/ULG-BINE_2023-2025_Curriculum-final_Mitteilungsblatt-2021-2022-15-Beilage-5.pdf\">Curriculum\/Studienplan<\/a><\/p>\n\n\n\n<p><\/p>\n","protected":false},"excerpt":{"rendered":"<p>Die TeilnehmerInnen am Lehrgang sollen sowohl fachliche als auch didaktische Kompetenzen f\u00fcr die Gestaltung von Bildungsprozessen f\u00fcr eine Nachhaltige Entwicklung im Bereich der LehrerInnenbildung und der Schule erlangen sowie f\u00fcr die Planung, Durchf\u00fchrung und Dokumentation von Forschungsvorhaben qualifiziert werden. Ziel des Lehrgangs ist es Perspektiven f\u00fcr die Weiterentwicklung der eigenen [&hellip;]<\/p>\n","protected":false},"author":5,"featured_media":166,"parent":10,"menu_order":0,"comment_status":"closed","ping_status":"closed","template":"","meta":{"_lmt_disableupdate":"","_lmt_disable":"","inspiro_page_layout":"narrow","inspiro_hide_title":false,"footnotes":"","_links_to":"","_links_to_target":""},"class_list":["post-22","page","type-page","status-publish","has-post-thumbnail","hentry"],"_links":{"self":[{"href":"https:\/\/nachhaltigkeit.aau.at\/index.php?rest_route=\/wp\/v2\/pages\/22","targetHints":{"allow":["GET"]}}],"collection":[{"href":"https:\/\/nachhaltigkeit.aau.at\/index.php?rest_route=\/wp\/v2\/pages"}],"about":[{"href":"https:\/\/nachhaltigkeit.aau.at\/index.php?rest_route=\/wp\/v2\/types\/page"}],"author":[{"embeddable":true,"href":"https:\/\/nachhaltigkeit.aau.at\/index.php?rest_route=\/wp\/v2\/users\/5"}],"replies":[{"embeddable":true,"href":"https:\/\/nachhaltigkeit.aau.at\/index.php?rest_route=%2Fwp%2Fv2%2Fcomments&post=22"}],"version-history":[{"count":11,"href":"https:\/\/nachhaltigkeit.aau.at\/index.php?rest_route=\/wp\/v2\/pages\/22\/revisions"}],"predecessor-version":[{"id":502,"href":"https:\/\/nachhaltigkeit.aau.at\/index.php?rest_route=\/wp\/v2\/pages\/22\/revisions\/502"}],"up":[{"embeddable":true,"href":"https:\/\/nachhaltigkeit.aau.at\/index.php?rest_route=\/wp\/v2\/pages\/10"}],"wp:featuredmedia":[{"embeddable":true,"href":"https:\/\/nachhaltigkeit.aau.at\/index.php?rest_route=\/wp\/v2\/media\/166"}],"wp:attachment":[{"href":"https:\/\/nachhaltigkeit.aau.at\/index.php?rest_route=%2Fwp%2Fv2%2Fmedia&parent=22"}],"curies":[{"name":"wp","href":"https:\/\/api.w.org\/{rel}","templated":true}]}}