{"id":20,"date":"2021-06-01T15:45:08","date_gmt":"2021-06-01T13:45:08","guid":{"rendered":"https:\/\/nachhaltigkeit.aau.at\/?page_id=20"},"modified":"2022-11-30T09:03:05","modified_gmt":"2022-11-30T07:03:05","slug":"zertifikat-nachhaltige-entwicklung","status":"publish","type":"page","link":"https:\/\/nachhaltigkeit.aau.at\/?page_id=20","title":{"rendered":"Zertifikat Nachhaltige Entwicklung"},"content":{"rendered":"<p class=\"fonts-plugin-block \" style=\"font-family: helvetica\">Das&nbsp;<strong>Zertifikat f\u00fcr Nachhaltige Entwicklung<\/strong>&nbsp;kann als Zusatzqualifikation an der Universit\u00e4t Klagenfurt erworben werden.<\/p>\n\n<p class=\"fonts-plugin-block \" style=\"font-family: helvetica\">Zweck des Zertifikates ist es,&nbsp;<strong>Master- und&nbsp;Doktoratsstudierenden<\/strong>, die sich im Rahmen ihres Studiums intensiv mit diesem hochkomplexen und gesellschaftlich relevanten Themenbereich auseinandersetzten, die M\u00f6glichkeit zu geben, den Erwerb der hierf\u00fcr erforderlichen Kompetenzen nachweisen zu k\u00f6nnen.<\/p>\n\n<h3 class=\"fonts-plugin-block \" style=\"font-family: helvetica;color: #005075\">Ziel<\/h3>\n\n<p class=\"fonts-plugin-block \" style=\"font-family: helvetica\">Nachweis \u00fcber Grundlagen des Nachhaltigkeitskonzeptes und verschiedene theoretische Ans\u00e4tze einer Nachhaltigen Entwicklung, \u00fcber die resultierenden Herausforderungen f\u00fcr Gesellschaft, Wirtschaft und Wissenschaft sowie \u00fcber Methoden und Prozesse f\u00fcr eine entsprechende gesellschaftliche Transformation.<\/p>\n\n<h3 class=\"fonts-plugin-block \" style=\"font-family: helvetica;color: #005075\">Umfang: 20 ECTS<\/h3>\n\n\n<p><strong>12 ECTS<\/strong><br>Im verpflichtenden Grundmodul&nbsp;<strong>Einf\u00fchrung Nachhaltige Entwicklung inter- und transdisziplin\u00e4r<\/strong>(Wahlfachmodul Nachhaltige Entwicklung) werden verschiedene disziplin\u00e4re Aspekte der Nachhaltigkeit aus Sicht ausgewiesener ExpertInnen aller Fakult\u00e4ten der Alpen-Adria-Universit\u00e4t vermittelt, um verschiedene Ans\u00e4tze erkennbar zu machen und die TeilnehmerInnen anzuregen, sich kritisch mit dem Begriff und dem Konzept der Nachhaltigkeit auseinanderzusetzen.<br>Das Pflichtmodul besteht aus den drei Lehrveranstaltungen 890.001, 890.002 und 890.003 und wird mit einer Projektarbeit zum jeweiligen Schwerpunktthema und einem Reflexionsseminar abgeschlossen.<\/p>\n\n\n<p class=\"fonts-plugin-block \" style=\"font-family: helvetica\"><strong>8 ECTS<br><\/strong>Im diesem Ausma\u00df sind weitere LVs aus dem\u00a0<a rel=\"noreferrer noopener\" href=\"https:\/\/campus.aau.at\/studien\/lvliste.jsp?sprache_nr=35&amp;diplomfachkey=5794\" target=\"_blank\">LV-Pool des besonderen\u00a0<strong>Studienbereichs Nachhaltigkeit<\/strong><\/a>\u00a0im Ausma\u00df von 8 ECTS (ca. 4 SWS) zu absolvieren.<\/p>\n\n<h3 class=\"fonts-plugin-block \" style=\"font-family: helvetica;color: #005075\">Zertifikatsvergabe<\/h3>\n\n<p class=\"fonts-plugin-block \" style=\"font-family: helvetica\">Das Zertifikat Nachhaltige Entwicklung wird auf Antrag durch Vorlegen der absolvierten Lehrveranstaltungen (Studienerfolgsnachweis) von der Fakult\u00e4t f\u00fcr Interdisziplin\u00e4re Forschung und Fortbildung vergeben. Die Einreichung der Unterlagen erfolgt unter <a href=\"mailto:nachhaltigkeit@aau.at\">nachhaltigkeit@aau.at<\/a>. <\/p>","protected":false},"excerpt":{"rendered":"<p>12 ECTSIm verpflichtenden Grundmodul&nbsp;Einf\u00fchrung Nachhaltige Entwicklung inter- und transdisziplin\u00e4r(Wahlfachmodul Nachhaltige Entwicklung) werden verschiedene disziplin\u00e4re Aspekte der Nachhaltigkeit aus Sicht ausgewiesener ExpertInnen aller Fakult\u00e4ten der Alpen-Adria-Universit\u00e4t vermittelt, um verschiedene Ans\u00e4tze erkennbar zu machen und die TeilnehmerInnen anzuregen, sich kritisch mit dem Begriff und dem Konzept der Nachhaltigkeit auseinanderzusetzen.Das Pflichtmodul besteht aus [&hellip;]<\/p>\n","protected":false},"author":5,"featured_media":169,"parent":10,"menu_order":0,"comment_status":"closed","ping_status":"closed","template":"","meta":{"_lmt_disableupdate":"","_lmt_disable":"","inspiro_page_layout":"narrow","inspiro_hide_title":false,"footnotes":"","_links_to":"","_links_to_target":""},"class_list":["post-20","page","type-page","status-publish","has-post-thumbnail","hentry"],"_links":{"self":[{"href":"https:\/\/nachhaltigkeit.aau.at\/index.php?rest_route=\/wp\/v2\/pages\/20","targetHints":{"allow":["GET"]}}],"collection":[{"href":"https:\/\/nachhaltigkeit.aau.at\/index.php?rest_route=\/wp\/v2\/pages"}],"about":[{"href":"https:\/\/nachhaltigkeit.aau.at\/index.php?rest_route=\/wp\/v2\/types\/page"}],"author":[{"embeddable":true,"href":"https:\/\/nachhaltigkeit.aau.at\/index.php?rest_route=\/wp\/v2\/users\/5"}],"replies":[{"embeddable":true,"href":"https:\/\/nachhaltigkeit.aau.at\/index.php?rest_route=%2Fwp%2Fv2%2Fcomments&post=20"}],"version-history":[{"count":6,"href":"https:\/\/nachhaltigkeit.aau.at\/index.php?rest_route=\/wp\/v2\/pages\/20\/revisions"}],"predecessor-version":[{"id":525,"href":"https:\/\/nachhaltigkeit.aau.at\/index.php?rest_route=\/wp\/v2\/pages\/20\/revisions\/525"}],"up":[{"embeddable":true,"href":"https:\/\/nachhaltigkeit.aau.at\/index.php?rest_route=\/wp\/v2\/pages\/10"}],"wp:featuredmedia":[{"embeddable":true,"href":"https:\/\/nachhaltigkeit.aau.at\/index.php?rest_route=\/wp\/v2\/media\/169"}],"wp:attachment":[{"href":"https:\/\/nachhaltigkeit.aau.at\/index.php?rest_route=%2Fwp%2Fv2%2Fmedia&parent=20"}],"curies":[{"name":"wp","href":"https:\/\/api.w.org\/{rel}","templated":true}]}}