{"id":10,"date":"2021-06-01T15:59:12","date_gmt":"2021-06-01T13:59:12","guid":{"rendered":"https:\/\/nachhaltigkeit.aau.at\/?page_id=10"},"modified":"2021-07-28T10:27:57","modified_gmt":"2021-07-28T08:27:57","slug":"studienangebote","status":"publish","type":"page","link":"https:\/\/nachhaltigkeit.aau.at\/?page_id=10","title":{"rendered":"Studienangebote"},"content":{"rendered":"\n<p>Die Universit\u00e4t Klagenfurt bietet unterschiedliche&nbsp;M\u00f6glichkeiten sich im Thema Nachhaltigkeit zu spezialisieren. <\/p>\n\n\n\n<p class=\"has-large-font-size\"><a href=\"https:\/\/nachhaltigkeit.aau.at\/?page_id=14\">Wahlfachmodul\u00a0Nachhaltige Entwicklung<\/a><\/p>\n\n\n\n<figure class=\"wp-block-image size-large\"><img loading=\"lazy\" decoding=\"async\" width=\"1024\" height=\"726\" src=\"https:\/\/nachhaltigkeit.aau.at\/wp-content\/uploads\/2021\/07\/FB-Wahlfachmodul-1024x726.jpg\" alt=\"\" class=\"wp-image-431\" srcset=\"https:\/\/nachhaltigkeit.aau.at\/wp-content\/uploads\/2021\/07\/FB-Wahlfachmodul-1024x726.jpg 1024w, https:\/\/nachhaltigkeit.aau.at\/wp-content\/uploads\/2021\/07\/FB-Wahlfachmodul-300x213.jpg 300w, https:\/\/nachhaltigkeit.aau.at\/wp-content\/uploads\/2021\/07\/FB-Wahlfachmodul-768x545.jpg 768w, https:\/\/nachhaltigkeit.aau.at\/wp-content\/uploads\/2021\/07\/FB-Wahlfachmodul-1536x1090.jpg 1536w, https:\/\/nachhaltigkeit.aau.at\/wp-content\/uploads\/2021\/07\/FB-Wahlfachmodul-1000x709.jpg 1000w, https:\/\/nachhaltigkeit.aau.at\/wp-content\/uploads\/2021\/07\/FB-Wahlfachmodul-789x560.jpg 789w, https:\/\/nachhaltigkeit.aau.at\/wp-content\/uploads\/2021\/07\/FB-Wahlfachmodul-600x426.jpg 600w, https:\/\/nachhaltigkeit.aau.at\/wp-content\/uploads\/2021\/07\/FB-Wahlfachmodul.jpg 1748w\" sizes=\"auto, (max-width: 1024px) 100vw, 1024px\" \/><\/figure>\n\n\n\n<p class=\"has-large-font-size\"><a href=\"https:\/\/nachhaltigkeit.aau.at\/?page_id=26\">Erweiterungsstudium\u00a0Nachhaltige Entwicklung und Energie (NhEE)<\/a><\/p>\n\n\n\n<figure class=\"wp-block-image size-large\"><img loading=\"lazy\" decoding=\"async\" width=\"1024\" height=\"726\" src=\"https:\/\/nachhaltigkeit.aau.at\/wp-content\/uploads\/2021\/07\/FB-ES-1024x726.jpg\" alt=\"\" class=\"wp-image-432\" srcset=\"https:\/\/nachhaltigkeit.aau.at\/wp-content\/uploads\/2021\/07\/FB-ES-1024x726.jpg 1024w, https:\/\/nachhaltigkeit.aau.at\/wp-content\/uploads\/2021\/07\/FB-ES-300x213.jpg 300w, https:\/\/nachhaltigkeit.aau.at\/wp-content\/uploads\/2021\/07\/FB-ES-768x545.jpg 768w, https:\/\/nachhaltigkeit.aau.at\/wp-content\/uploads\/2021\/07\/FB-ES-1536x1090.jpg 1536w, https:\/\/nachhaltigkeit.aau.at\/wp-content\/uploads\/2021\/07\/FB-ES-1000x709.jpg 1000w, https:\/\/nachhaltigkeit.aau.at\/wp-content\/uploads\/2021\/07\/FB-ES-789x560.jpg 789w, https:\/\/nachhaltigkeit.aau.at\/wp-content\/uploads\/2021\/07\/FB-ES-600x426.jpg 600w, https:\/\/nachhaltigkeit.aau.at\/wp-content\/uploads\/2021\/07\/FB-ES.jpg 1748w\" sizes=\"auto, (max-width: 1024px) 100vw, 1024px\" \/><\/figure>\n\n\n\n<p class=\"has-large-font-size\"><a href=\"https:\/\/nachhaltigkeit.aau.at\/?page_id=24\">Masterstudium ABW: Energie- und Umweltmanagement<\/a><\/p>\n\n\n\n<figure class=\"wp-block-image size-large\"><img loading=\"lazy\" decoding=\"async\" width=\"1024\" height=\"726\" src=\"https:\/\/nachhaltigkeit.aau.at\/wp-content\/uploads\/2021\/07\/FB-Master-1024x726.jpg\" alt=\"\" class=\"wp-image-433\" srcset=\"https:\/\/nachhaltigkeit.aau.at\/wp-content\/uploads\/2021\/07\/FB-Master-1024x726.jpg 1024w, https:\/\/nachhaltigkeit.aau.at\/wp-content\/uploads\/2021\/07\/FB-Master-300x213.jpg 300w, https:\/\/nachhaltigkeit.aau.at\/wp-content\/uploads\/2021\/07\/FB-Master-768x545.jpg 768w, https:\/\/nachhaltigkeit.aau.at\/wp-content\/uploads\/2021\/07\/FB-Master-1536x1090.jpg 1536w, https:\/\/nachhaltigkeit.aau.at\/wp-content\/uploads\/2021\/07\/FB-Master-1000x709.jpg 1000w, https:\/\/nachhaltigkeit.aau.at\/wp-content\/uploads\/2021\/07\/FB-Master-789x560.jpg 789w, https:\/\/nachhaltigkeit.aau.at\/wp-content\/uploads\/2021\/07\/FB-Master-600x426.jpg 600w, https:\/\/nachhaltigkeit.aau.at\/wp-content\/uploads\/2021\/07\/FB-Master.jpg 1748w\" sizes=\"auto, (max-width: 1024px) 100vw, 1024px\" \/><\/figure>\n\n\n\n<p class=\"has-large-font-size\"><a href=\"https:\/\/nachhaltigkeit.aau.at\/?page_id=20\">Zertifikat\u00a0Nachhaltige Entwicklung<\/a><\/p>\n\n\n\n<figure class=\"wp-block-image size-large\"><img loading=\"lazy\" decoding=\"async\" width=\"1024\" height=\"726\" src=\"https:\/\/nachhaltigkeit.aau.at\/wp-content\/uploads\/2021\/07\/FB-Zertifikat-1024x726.jpg\" alt=\"\" class=\"wp-image-434\" srcset=\"https:\/\/nachhaltigkeit.aau.at\/wp-content\/uploads\/2021\/07\/FB-Zertifikat-1024x726.jpg 1024w, https:\/\/nachhaltigkeit.aau.at\/wp-content\/uploads\/2021\/07\/FB-Zertifikat-300x213.jpg 300w, https:\/\/nachhaltigkeit.aau.at\/wp-content\/uploads\/2021\/07\/FB-Zertifikat-768x545.jpg 768w, https:\/\/nachhaltigkeit.aau.at\/wp-content\/uploads\/2021\/07\/FB-Zertifikat-1536x1090.jpg 1536w, https:\/\/nachhaltigkeit.aau.at\/wp-content\/uploads\/2021\/07\/FB-Zertifikat-1000x709.jpg 1000w, https:\/\/nachhaltigkeit.aau.at\/wp-content\/uploads\/2021\/07\/FB-Zertifikat-789x560.jpg 789w, https:\/\/nachhaltigkeit.aau.at\/wp-content\/uploads\/2021\/07\/FB-Zertifikat-600x426.jpg 600w, https:\/\/nachhaltigkeit.aau.at\/wp-content\/uploads\/2021\/07\/FB-Zertifikat.jpg 1748w\" sizes=\"auto, (max-width: 1024px) 100vw, 1024px\" \/><\/figure>\n\n\n\n<p class=\"has-large-font-size\"><a href=\"https:\/\/nachhaltigkeit.aau.at\/?page_id=22\">Universit\u00e4tslehrgang\u00a0Bildung f\u00fcr nachhaltige Entwicklung (BINE)<\/a><\/p>\n\n\n\n<figure class=\"wp-block-image size-large\"><img loading=\"lazy\" decoding=\"async\" width=\"1024\" height=\"726\" src=\"https:\/\/nachhaltigkeit.aau.at\/wp-content\/uploads\/2021\/07\/FB-UBINE-1024x726.jpg\" alt=\"\" class=\"wp-image-435\" srcset=\"https:\/\/nachhaltigkeit.aau.at\/wp-content\/uploads\/2021\/07\/FB-UBINE-1024x726.jpg 1024w, https:\/\/nachhaltigkeit.aau.at\/wp-content\/uploads\/2021\/07\/FB-UBINE-300x213.jpg 300w, https:\/\/nachhaltigkeit.aau.at\/wp-content\/uploads\/2021\/07\/FB-UBINE-768x545.jpg 768w, https:\/\/nachhaltigkeit.aau.at\/wp-content\/uploads\/2021\/07\/FB-UBINE-1536x1090.jpg 1536w, https:\/\/nachhaltigkeit.aau.at\/wp-content\/uploads\/2021\/07\/FB-UBINE-1000x709.jpg 1000w, https:\/\/nachhaltigkeit.aau.at\/wp-content\/uploads\/2021\/07\/FB-UBINE-789x560.jpg 789w, https:\/\/nachhaltigkeit.aau.at\/wp-content\/uploads\/2021\/07\/FB-UBINE-600x426.jpg 600w, https:\/\/nachhaltigkeit.aau.at\/wp-content\/uploads\/2021\/07\/FB-UBINE.jpg 1748w\" sizes=\"auto, (max-width: 1024px) 100vw, 1024px\" \/><\/figure>\n\n\n\n<hr class=\"wp-block-separator is-style-wide\"\/>\n\n\n<h3 class=\"fonts-plugin-block \" style=\"color: #005075\">Stimmen der Studierenden<\/h3>\n\n\n<p>An der LV gef\u00e4llt mir besonders gut&#8230; <\/p>\n\n\n\n<blockquote class=\"wp-block-quote is-layout-flow wp-block-quote-is-layout-flow\"><p>&#8230; <em>tolle Vortragende, interdisziplin\u00e4rer Zugang zum Thema Nachhaltigkeit, Vielseitigkeit bei den Inputs, sehr abwechslungsreich, tolle Gruppengr\u00f6\u00dfe<\/em><\/p><\/blockquote>\n\n\n\n<blockquote class=\"wp-block-quote is-layout-flow wp-block-quote-is-layout-flow\"><p>&#8230; <em>Die hohe Kompetenz und Flexibilit\u00e4t des Lehrenden-Teams &#8211; die Interdisziplinarit\u00e4t &#8211; auch bei den Studierend &#8211; die Aktualit\u00e4t &#8211; die Themenvielfalt &#8211; sie hat meinen Horizont sehr erweitert &#8211; gesellschaftliche Relevanz der Themen &#8211; die offene und wertsch\u00e4tzende Atmosph\u00e4re<\/em><\/p><\/blockquote>\n\n\n\n<blockquote class=\"wp-block-quote is-layout-flow wp-block-quote-is-layout-flow\"><p><em>The chance to talk to professionals in the World Caf\u00e9 and the guest lecturers<\/em><\/p><\/blockquote>\n\n\n\n<blockquote class=\"wp-block-quote is-layout-flow wp-block-quote-is-layout-flow\"><p>&#8230; <em>Hohes Niveau, extrem interessante Gastvortr\u00e4ge, hochkompetentes Lehrendenteam!!! Spannendste LV, die ich an der AAU bisher besucht habe. Innovatives Setting, fordernde Aufgaben, gro\u00dfe Lernfortschritte &#8211; und trotz hohen Anforderungen Wohlf\u00fchlatmosph\u00e4re. Sehr praxisnah und auch intellektuell anregend<\/em><\/p><\/blockquote>\n","protected":false},"excerpt":{"rendered":"<p>Die Universit\u00e4t Klagenfurt bietet unterschiedliche&nbsp;M\u00f6glichkeiten sich im Thema Nachhaltigkeit zu spezialisieren. Wahlfachmodul\u00a0Nachhaltige Entwicklung Erweiterungsstudium\u00a0Nachhaltige Entwicklung und Energie (NhEE) Masterstudium ABW: Energie- und Umweltmanagement Zertifikat\u00a0Nachhaltige Entwicklung Universit\u00e4tslehrgang\u00a0Bildung f\u00fcr nachhaltige Entwicklung (BINE) An der LV gef\u00e4llt mir besonders gut&#8230; &#8230; tolle Vortragende, interdisziplin\u00e4rer Zugang zum Thema Nachhaltigkeit, Vielseitigkeit bei den Inputs, sehr [&hellip;]<\/p>\n","protected":false},"author":5,"featured_media":168,"parent":0,"menu_order":0,"comment_status":"closed","ping_status":"closed","template":"","meta":{"_lmt_disableupdate":"","_lmt_disable":"","inspiro_page_layout":"narrow","inspiro_hide_title":false,"footnotes":"","_links_to":"","_links_to_target":""},"class_list":["post-10","page","type-page","status-publish","has-post-thumbnail","hentry"],"_links":{"self":[{"href":"https:\/\/nachhaltigkeit.aau.at\/index.php?rest_route=\/wp\/v2\/pages\/10","targetHints":{"allow":["GET"]}}],"collection":[{"href":"https:\/\/nachhaltigkeit.aau.at\/index.php?rest_route=\/wp\/v2\/pages"}],"about":[{"href":"https:\/\/nachhaltigkeit.aau.at\/index.php?rest_route=\/wp\/v2\/types\/page"}],"author":[{"embeddable":true,"href":"https:\/\/nachhaltigkeit.aau.at\/index.php?rest_route=\/wp\/v2\/users\/5"}],"replies":[{"embeddable":true,"href":"https:\/\/nachhaltigkeit.aau.at\/index.php?rest_route=%2Fwp%2Fv2%2Fcomments&post=10"}],"version-history":[{"count":16,"href":"https:\/\/nachhaltigkeit.aau.at\/index.php?rest_route=\/wp\/v2\/pages\/10\/revisions"}],"predecessor-version":[{"id":439,"href":"https:\/\/nachhaltigkeit.aau.at\/index.php?rest_route=\/wp\/v2\/pages\/10\/revisions\/439"}],"wp:featuredmedia":[{"embeddable":true,"href":"https:\/\/nachhaltigkeit.aau.at\/index.php?rest_route=\/wp\/v2\/media\/168"}],"wp:attachment":[{"href":"https:\/\/nachhaltigkeit.aau.at\/index.php?rest_route=%2Fwp%2Fv2%2Fmedia&parent=10"}],"curies":[{"name":"wp","href":"https:\/\/api.w.org\/{rel}","templated":true}]}}